{"id":75,"date":"2025-01-23T12:11:35","date_gmt":"2025-01-23T12:11:35","guid":{"rendered":"https:\/\/palamania.com\/?page_id=75"},"modified":"2025-07-04T10:56:54","modified_gmt":"2025-07-04T10:56:54","slug":"liukupala-mestari","status":"publish","type":"page","link":"https:\/\/palamania.com\/fi\/liukupala-mestari\/","title":{"rendered":"Liukupala mestari"},"content":{"rendered":"\r\n<div class=\"spm-container\" id=\"spm\">\r\n    <div id=\"spm-puzzle\" class=\"spm-puzzle\">\r\n        <div class=\"spm-top\">\r\n            <div id=\"level\" class=\"level-container\"><\/div>\r\n            <div class=\"moves-container\"><span class=\"moves\" data-moves=\"\">0<\/span><\/div>\r\n        <\/div>\r\n        <div class=\"spm-wrapper\">\r\n            <div class=\"spm-app\"><\/div>\r\n            <div class=\"start-screen\"><img src=https:\/\/palamania.com\/wp-content\/plugins\/palamania\/assets\/images\/games\/cover_palamania_master.jpg><\/div>\r\n            <div class=\"intro-loader\"><div class=\"content\"><\/div><\/div>\r\n            <div class=\"btn-play-container\"><i id=\"btn-play\" class=\"fas fa-play btn-play\"><\/i><\/div>\r\n        <\/div>\r\n        <div class=\"pm-dashboard\">\r\n            <div class=\"group\">\r\n                <div class=\"pp-item pp-item pp-item-1-1\">\r\n                    <i id=\"spm-image\"  class=\"fas fa-images change-image spm-image pp-item-center pp-item-hover\"><\/i>\r\n                    <div class=\"pp-notify image-notify\"><div class=\"circle pulse\"><\/div><\/div>\r\n                <\/div>\r\n            <\/div>\r\n        <\/div>\r\n    <\/div>\r\n<\/div>\r\n<section class=\"section bg-white\">\r\n    <div class=\"container\">\r\n        <div class=\"pm-guide\">\r\n            <h1 class=\"title\">Palamania mestari<\/h1>\r\n            <p>Vain harvat pystyv\u00e4t t\u00e4h\u00e4n.<br>Kuulutko heihin?<br>T\u00e4ss\u00e4 mestarien peliss\u00e4 sinun tulee ratkaista nelj\u00e4 kuvaa virheitt\u00e4.<\/p><p> Ensimm\u00e4isess\u00e4 vaiheessa sinun tulee selvitt\u00e4\u00e4 siirtojen m\u00e4\u00e4r\u00e4.<br>Toisessa vaiheessa sinun tulee ratkaista kuva.<br>P\u00e4\u00e4set seuraavalle tasolle, jos ratkaiset molemmat vaiheet oikein.<br>Muussa tapauksessa joudut aloittamaan alusta.<\/p><p>Kuvat vaikeutuu jokaisella kierroksella.<br>Joten silm\u00e4 tarkkana.<\/p>        <\/div>\r\n    <\/div>\r\n<\/section>\r\n\n","protected":false},"excerpt":{"rendered":"","protected":false},"author":1,"featured_media":0,"parent":0,"menu_order":0,"comment_status":"closed","ping_status":"closed","template":"","meta":{"footnotes":""},"class_list":["post-75","page","type-page","status-publish","hentry"],"_links":{"self":[{"href":"https:\/\/palamania.com\/fi\/wp-json\/wp\/v2\/pages\/75","targetHints":{"allow":["GET"]}}],"collection":[{"href":"https:\/\/palamania.com\/fi\/wp-json\/wp\/v2\/pages"}],"about":[{"href":"https:\/\/palamania.com\/fi\/wp-json\/wp\/v2\/types\/page"}],"author":[{"embeddable":true,"href":"https:\/\/palamania.com\/fi\/wp-json\/wp\/v2\/users\/1"}],"replies":[{"embeddable":true,"href":"https:\/\/palamania.com\/fi\/wp-json\/wp\/v2\/comments?post=75"}],"version-history":[{"count":2,"href":"https:\/\/palamania.com\/fi\/wp-json\/wp\/v2\/pages\/75\/revisions"}],"predecessor-version":[{"id":136,"href":"https:\/\/palamania.com\/fi\/wp-json\/wp\/v2\/pages\/75\/revisions\/136"}],"wp:attachment":[{"href":"https:\/\/palamania.com\/fi\/wp-json\/wp\/v2\/media?parent=75"}],"curies":[{"name":"wp","href":"https:\/\/api.w.org\/{rel}","templated":true}]}}