{"id":67,"date":"2025-01-23T12:07:55","date_gmt":"2025-01-23T12:07:55","guid":{"rendered":"https:\/\/palamania.com\/?page_id=67"},"modified":"2025-07-04T10:57:36","modified_gmt":"2025-07-04T10:57:36","slug":"liukupala-velho","status":"publish","type":"page","link":"https:\/\/palamania.com\/fi\/liukupala-velho\/","title":{"rendered":"Liukupala velho"},"content":{"rendered":"\r\n<div class=\"spw-container\" id=\"spw\">\r\n    <div id=\"spw-puzzle\" class=\"spw-puzzle\">\r\n        <div class=\"spw-top\">\r\n            <div id=\"timer\" class=\"timer col left\"><span class=\"time-progress\"><\/span><\/div>\r\n            <div class=\"moves-container col right\"><span class=\"moves\" data-moves=\"\">0<\/span>\/ <span class=\"max-moves\" data-moves=\"\">0<\/span><\/div>\r\n        <\/div>\r\n        <div class=\"spw-wrapper\">\r\n            <div class=\"spw-app\"><\/div>\r\n            <div class=\"start-screen\"><img decoding=\"async\" src=\"https:\/\/palamania.com\/wp-content\/plugins\/palamania\/assets\/images\/games\/cover_wizard.jpg\"><div class=\"start-content\"><i id=\"spw-play\" class=\"fas fa-play spw-play\"><\/i><\/div><\/div>\r\n        <\/div>\r\n        <div class=\"pm-dashboard\">\r\n            <div class=\"group\">\r\n                <div class=\"pp-item pp-item pp-item-1-2\">\r\n                    <i id=\"spw-start\"  class=\"fas fa-image spw-start pp-item-center pp-item-hover\"><\/i>\r\n                    <div class=\"pp-notify start-notify\"><div class=\"circle pulse\"><\/div><\/div>\r\n                <\/div>\r\n                <div class=\" pp-item pp-item-1-2\">\r\n                    <i id=\"spw-restart\" class=\"fas fa-redo fa-flip-horizontal restart-game pp-item-center pp-item-hover\"><\/i>\r\n                <\/div>\r\n            <\/div>\r\n        <\/div>\r\n    <\/div>\r\n<\/div>\r\n<section class=\"section bg-white\">\r\n    <div class=\"container\">\r\n        <div class=\"pm-guide\">\r\n            <h1 class=\"title\">Velho<\/h1>\r\n            <p>Onko sinulla velhon muisti?<br>Pystytk\u00f6 ratkaisemaan kuvan muistista?<br>Saas n\u00e4hd\u00e4...<\/p>        <\/div>\r\n    <\/div>\r\n<\/section>\r\n\n","protected":false},"excerpt":{"rendered":"","protected":false},"author":1,"featured_media":0,"parent":0,"menu_order":0,"comment_status":"closed","ping_status":"closed","template":"","meta":{"footnotes":""},"class_list":["post-67","page","type-page","status-publish","hentry"],"_links":{"self":[{"href":"https:\/\/palamania.com\/fi\/wp-json\/wp\/v2\/pages\/67","targetHints":{"allow":["GET"]}}],"collection":[{"href":"https:\/\/palamania.com\/fi\/wp-json\/wp\/v2\/pages"}],"about":[{"href":"https:\/\/palamania.com\/fi\/wp-json\/wp\/v2\/types\/page"}],"author":[{"embeddable":true,"href":"https:\/\/palamania.com\/fi\/wp-json\/wp\/v2\/users\/1"}],"replies":[{"embeddable":true,"href":"https:\/\/palamania.com\/fi\/wp-json\/wp\/v2\/comments?post=67"}],"version-history":[{"count":2,"href":"https:\/\/palamania.com\/fi\/wp-json\/wp\/v2\/pages\/67\/revisions"}],"predecessor-version":[{"id":138,"href":"https:\/\/palamania.com\/fi\/wp-json\/wp\/v2\/pages\/67\/revisions\/138"}],"wp:attachment":[{"href":"https:\/\/palamania.com\/fi\/wp-json\/wp\/v2\/media?parent=67"}],"curies":[{"name":"wp","href":"https:\/\/api.w.org\/{rel}","templated":true}]}}