{"id":63,"date":"2025-01-23T12:06:30","date_gmt":"2025-01-23T12:06:30","guid":{"rendered":"https:\/\/palamania.com\/?page_id=63"},"modified":"2025-07-04T10:56:14","modified_gmt":"2025-07-04T10:56:14","slug":"liukupala-aarre","status":"publish","type":"page","link":"https:\/\/palamania.com\/fi\/liukupala-aarre\/","title":{"rendered":"Liukupala aarre"},"content":{"rendered":"\r\n<div class=\"spt-container\" id=\"spt\">\r\n    <div id=\"spt-puzzle\" class=\"spt-puzzle\">\r\n        <div class=\"spt-top\">\r\n            <div id=\"foul\" class=\"foul-container\"><\/div>\r\n            <div class=\"moves-container\"><span class=\"moves\" data-moves=\"\">0<\/span><\/div>\r\n        <\/div>\r\n        <div class=\"spt-wrapper\">\r\n            <div class=\"spt-app\"><\/div>\r\n            <div class=\"start-screen\">\r\n                <div class=\"content\">\r\n                    <img src=https:\/\/palamania.com\/wp-content\/plugins\/palamania\/assets\/images\/games\/cover_treasure_palamania.jpg>\r\n                    <i id=\"spt-play\" class=\"fas fa-play play-treasure\"><\/i>\r\n                <\/div>\r\n            <\/div>\r\n            <div class=\"treasure-intro-container\">\r\n                <div class=\"content\">\r\n                    <div id=\"skip-intro\" class=\"skip-intro\">Ohita<\/div>\r\n                    <img src=https:\/\/palamania.com\/wp-content\/plugins\/palamania\/assets\/images\/games\/cover_treasure_woman.jpg>\r\n                    <div class=\"spt-intro\">\r\n                        <p>Oih! Syd\u00e4meni on syv\u00e4sti s\u00e4rkynyt.<br>Oih! Miss\u00e4 oletkaan aarteeni?<\/p>                        <div><i id=\"load-intro\" class=\"fas fa-arrow-circle-right\"><\/i><\/div>\r\n                    <\/div>\r\n                <\/div>\r\n            <\/div>\r\n        <\/div>\r\n    <\/div>\r\n<\/div>\r\n<section class=\"section bg-white\">\r\n    <div class=\"container\">\r\n        <div class=\"pm-guide\">\r\n            <h1 class=\"title\">Aarre<\/h1>\r\n            <p>Pelasta sureva aatelisneito kullan kaipuusta.<br>Ole hyvin varovainen.<br>Vain oikeat siirrot johtavat aarteen luokse.<br>Onnea matkaan sankari!<\/p>        <\/div>\r\n    <\/div>\r\n<\/section>\r\n\n","protected":false},"excerpt":{"rendered":"","protected":false},"author":1,"featured_media":0,"parent":0,"menu_order":0,"comment_status":"closed","ping_status":"closed","template":"","meta":{"footnotes":""},"class_list":["post-63","page","type-page","status-publish","hentry"],"_links":{"self":[{"href":"https:\/\/palamania.com\/fi\/wp-json\/wp\/v2\/pages\/63","targetHints":{"allow":["GET"]}}],"collection":[{"href":"https:\/\/palamania.com\/fi\/wp-json\/wp\/v2\/pages"}],"about":[{"href":"https:\/\/palamania.com\/fi\/wp-json\/wp\/v2\/types\/page"}],"author":[{"embeddable":true,"href":"https:\/\/palamania.com\/fi\/wp-json\/wp\/v2\/users\/1"}],"replies":[{"embeddable":true,"href":"https:\/\/palamania.com\/fi\/wp-json\/wp\/v2\/comments?post=63"}],"version-history":[{"count":2,"href":"https:\/\/palamania.com\/fi\/wp-json\/wp\/v2\/pages\/63\/revisions"}],"predecessor-version":[{"id":134,"href":"https:\/\/palamania.com\/fi\/wp-json\/wp\/v2\/pages\/63\/revisions\/134"}],"wp:attachment":[{"href":"https:\/\/palamania.com\/fi\/wp-json\/wp\/v2\/media?parent=63"}],"curies":[{"name":"wp","href":"https:\/\/api.w.org\/{rel}","templated":true}]}}