{"id":58,"date":"2025-01-23T12:03:29","date_gmt":"2025-01-23T12:03:29","guid":{"rendered":"https:\/\/palamania.com\/?page_id=58"},"modified":"2025-07-04T10:57:14","modified_gmt":"2025-07-04T10:57:14","slug":"liukupala-treeni","status":"publish","type":"page","link":"https:\/\/palamania.com\/fi\/liukupala-treeni\/","title":{"rendered":"Liukupala treeni"},"content":{"rendered":"\r\n<div class=\"spp-container\" id=\"spp\">\r\n    <div id=\"spp-puzzle\" class=\"spp-puzzle\">\r\n        <div class=\"spp-top\">\r\n            <div class=\"moves-container\"><span class=\"moves\" data-moves=\"\">0<\/span> \/ <span class=\"maxmoves\">0<\/span><\/div>\r\n        <\/div>\r\n        <div class=\"spp-wrapper\"><div class=\"spp-app\"><\/div><\/div>\r\n        <div class=\"pm-dashboard\">\r\n            <div class=\"group\">\r\n                <div class=\"pp-item pp-item-1-2\">\r\n                    <i id=\"spp-play\" class=\"fas fa-play-circle spp-blink pp-item-center pp-item-hover\"><\/i>\r\n                <\/div>\r\n                <div id=\"audio-control\" class=\"pp-item pp-item-1-2 audio-control\">\r\n                    <i id=\"audio-icon\" class=\"fa-solid fa-volume-high pp-item-center pp-item-hover\"><\/i>\r\n                <\/div>\r\n            <\/div>\r\n        <\/div>\r\n        <div class=\"start-screen\"><div class=\"max-moves-container\"><div class=\"max-moves-screen\"><\/div><\/div><\/div>\r\n    <\/div>\r\n<\/div>\r\n<section class=\"section bg-white\">\r\n    <div class=\"container\">\r\n        <div class=\"pm-guide\">\r\n            <h1 class=\"title\">Liukupala treeni<\/h1>\r\n            <p>Opi pelaamaan kuin pro.<br>T\u00e4ss\u00e4 peliss\u00e4 voit treenata ratkaisemaan kuvia oikeilla siirroilla.<br>Siirtojen m\u00e4\u00e4r\u00e4 kasvaa yhdell\u00e4 jokaisella kierroksella (10 -> 20).<\/p><p>Aloitusruudussa ja yl\u00e4palkissa n\u00e4et tarvittavan siirtom\u00e4\u00e4r\u00e4n.<br>N\u00e4et virheilmoituksen, jos siirr\u00e4t v\u00e4\u00e4r\u00e4\u00e4 palaa.<\/p><p>Siirr\u00e4 paloja yksitellen klikkaamalla kunnes ne ovat oikealla paikalla.<\/p>             <p><a href=\"https:\/\/palamania.com\/fi\/how-to-solve-sliding-puzzle\/\">Kuinka ratkaista liukupalapelej\u00e4?<\/a><\/p>\r\n        <\/div>\r\n    <\/div>\r\n<\/section>\n","protected":false},"excerpt":{"rendered":"","protected":false},"author":1,"featured_media":0,"parent":0,"menu_order":0,"comment_status":"closed","ping_status":"closed","template":"","meta":{"footnotes":""},"class_list":["post-58","page","type-page","status-publish","hentry"],"_links":{"self":[{"href":"https:\/\/palamania.com\/fi\/wp-json\/wp\/v2\/pages\/58","targetHints":{"allow":["GET"]}}],"collection":[{"href":"https:\/\/palamania.com\/fi\/wp-json\/wp\/v2\/pages"}],"about":[{"href":"https:\/\/palamania.com\/fi\/wp-json\/wp\/v2\/types\/page"}],"author":[{"embeddable":true,"href":"https:\/\/palamania.com\/fi\/wp-json\/wp\/v2\/users\/1"}],"replies":[{"embeddable":true,"href":"https:\/\/palamania.com\/fi\/wp-json\/wp\/v2\/comments?post=58"}],"version-history":[{"count":2,"href":"https:\/\/palamania.com\/fi\/wp-json\/wp\/v2\/pages\/58\/revisions"}],"predecessor-version":[{"id":137,"href":"https:\/\/palamania.com\/fi\/wp-json\/wp\/v2\/pages\/58\/revisions\/137"}],"wp:attachment":[{"href":"https:\/\/palamania.com\/fi\/wp-json\/wp\/v2\/media?parent=58"}],"curies":[{"name":"wp","href":"https:\/\/api.w.org\/{rel}","templated":true}]}}