{"id":54,"date":"2024-12-15T13:42:08","date_gmt":"2024-12-15T13:42:08","guid":{"rendered":"https:\/\/palamania.com\/?page_id=54"},"modified":"2025-07-04T10:55:46","modified_gmt":"2025-07-04T10:55:46","slug":"kombo","status":"publish","type":"page","link":"https:\/\/palamania.com\/fi\/kombo\/","title":{"rendered":"Kombo"},"content":{"rendered":"\r\n<div class=\"combo-container\" id=\"combo\">\r\n    <div id=\"combo-puzzle\" class=\"combo-puzzle\">\r\n        <div class=\"combo-top\">\r\n            <div id=\"timer\" class=\"timer col left\"><div class=\"sec-container\"><span class=\"sec\">0<\/span><i class=\"fas fa-clock\"><\/i><\/div><span class=\"time-progress\"><\/span><\/div>\r\n            <div class=\"moves-container\"><span class=\"moves\">0<\/span>\/<span class=\"max-moves\"><\/span><\/div>\r\n        <\/div>\r\n        <div class=\"combo-wrapper\"><div class=\"combo-app\"><\/div><\/div>\r\n        <div class=\"pm-dashboard\">\r\n            <div class=\"group\">\r\n                <div id=\"setup-game\" class=\"select-game pp-item pp-item-1-2 pp-item-center pp-item-hover\">\r\n                    <i class=\"fas fa-bars\"><\/i>\r\n                    <span class=\"notify-select\"><div class=\"circle pulse\"><\/div><\/span>\r\n                <\/div>\r\n                <div id=\"combo-play\" class=\"pp-item start-game pp-item-1-2 pp-item-center pp-item-hover\">\r\n                    <i class=\"fas fa-play-circle\"><\/i>\r\n                <\/div>\r\n            <\/div>\r\n            <div class=\"group\">\r\n                <div id=\"combo-new-image\" class=\"change-image pp-item pp-item-1-3 pp-item-center pp-item-hover\">\r\n                    <i class=\"fas fa-images\"><\/i>\r\n                <\/div>\r\n                <div class=\"pp-item pp-item-1-3 pp-item-center pp-item-hover\">\r\n                    <i id=\"combo-restart\" class=\"fas fa-redo fa-flip-horizontal restart-game\"><\/i>\r\n                <\/div>\r\n                <div id=\"audio-control\" class=\"pp-item pp-item-1-3 audio-control\">\r\n                    <i id=\"audio-icon\" class=\"fa-solid fa-volume-high pp-item-center pp-item-hover\"><\/i>\r\n                <\/div>\r\n            <\/div>\r\n        <\/div>\r\n        <div class=\"start-screen\"><div class=\"logo-screen\"><img src=https:\/\/palamania.com\/wp-content\/plugins\/palamania\/assets\/images\/pm_logo_transparent.png><\/div><\/div>\r\n    <\/div>\r\n<\/div>\r\n<section class=\"section bg-white\">\r\n    <div class=\"container\">\r\n        <div class=\"pm-guide\">\r\n            <h1 class=\"title\">Kombo<\/h1>\r\n            <p>T\u00e4ss\u00e4 peliss\u00e4 teht\u00e4v\u00e4si on ratkaista kaksiosainen peli.<\/p><p>Peli 1: Numeroi<br>\nKlikkaa paloja oikeassa j\u00e4rjestyksess\u00e4 ennen kuin aika p\u00e4\u00e4ttyy (30 s).<br>Numerot poistetaan joka kerta, kun klikkaat v\u00e4\u00e4r\u00e4\u00e4 palaa. Tavoitteena on aktivoida kaikki numerot, joista on apua seuraavalla kierroksella.<br>\nPeli 2: Ratkaise<br>\nSiirr\u00e4 paloja yksitellen klikkaamalla oikeaan j\u00e4rjestykseen. Sinun tulee ratkaista kuva alle tai tasan maksimi siirron.<\/p>\n            <p style=\"font-weight: bold; text-transform: uppercase;\">Painikkeet<\/p>\r\n            <ul class=\"pm-guide-buttons\">\r\n                <li><span class=\"guide-icon\"><i class=\"fas fa-play-circle\"><\/i><\/span>Pelaa<\/li> \r\n                <li><span class=\"guide-icon\"> <i class=\"fas fa-images\"><\/i><\/span>Vaihda kuva<\/li> \r\n                <li><span class=\"guide-icon\"><i class=\"fa-solid fa-redo fa-flip-horizontal\"><\/i><\/span>Aloita alusta<\/li> \r\n                <li><span class=\"guide-icon\"><i class=\"fa-solid fa-volume-high\"><\/i><\/span>Audio<\/li> \r\n            <\/ul>\r\n        <\/div>\r\n    <\/div>\r\n<\/section>\n","protected":false},"excerpt":{"rendered":"","protected":false},"author":1,"featured_media":0,"parent":0,"menu_order":0,"comment_status":"closed","ping_status":"closed","template":"","meta":{"footnotes":""},"class_list":["post-54","page","type-page","status-publish","hentry"],"_links":{"self":[{"href":"https:\/\/palamania.com\/fi\/wp-json\/wp\/v2\/pages\/54","targetHints":{"allow":["GET"]}}],"collection":[{"href":"https:\/\/palamania.com\/fi\/wp-json\/wp\/v2\/pages"}],"about":[{"href":"https:\/\/palamania.com\/fi\/wp-json\/wp\/v2\/types\/page"}],"author":[{"embeddable":true,"href":"https:\/\/palamania.com\/fi\/wp-json\/wp\/v2\/users\/1"}],"replies":[{"embeddable":true,"href":"https:\/\/palamania.com\/fi\/wp-json\/wp\/v2\/comments?post=54"}],"version-history":[{"count":3,"href":"https:\/\/palamania.com\/fi\/wp-json\/wp\/v2\/pages\/54\/revisions"}],"predecessor-version":[{"id":133,"href":"https:\/\/palamania.com\/fi\/wp-json\/wp\/v2\/pages\/54\/revisions\/133"}],"wp:attachment":[{"href":"https:\/\/palamania.com\/fi\/wp-json\/wp\/v2\/media?parent=54"}],"curies":[{"name":"wp","href":"https:\/\/api.w.org\/{rel}","templated":true}]}}