{"id":46,"date":"2024-12-15T11:35:40","date_gmt":"2024-12-15T11:35:40","guid":{"rendered":"https:\/\/palamania.com\/?page_id=46"},"modified":"2025-07-04T11:00:07","modified_gmt":"2025-07-04T11:00:07","slug":"numpala-tasot","status":"publish","type":"page","link":"https:\/\/palamania.com\/fi\/numpala-tasot\/","title":{"rendered":"Numpala tasot"},"content":{"rendered":"\r\n<div id=\"npl\" class=\"npl-container\">\r\n    <div id=\"npl-puzzle\" class=\"npl-puzzle\">\r\n        <div class=\"npl-top\">\r\n            <div class=\"levels-container\"><\/div>\r\n        <\/div>\r\n        <div class=\"npl-wrapper\"><div class=\"npl-app\"><\/div><\/div>\r\n        <div class=\"pm-dashboard\">\r\n            <div class=\"group\">\r\n                <div id=\"setup-game\" class=\"select-game pp-item pp-item-1-3 pp-item-center pp-item-hover\">\r\n                    <i class=\"fas fa-bars\"><\/i> \r\n                    <span class=\"notify-select\"><div class=\"circle pulse\"><\/div><\/span>\r\n                <\/div>\r\n                <div class=\" pp-item pp-item-1-3\">\r\n                    <i id=\"npl-play\" class=\"fas fa-play-circle start-game pp-item-center pp-item-hover\"><\/i>\r\n                <\/div>\r\n                <div id=\"audio-control\" class=\"pp-item pp-item-1-3 audio-control\">\r\n                    <i id=\"audio-icon\" class=\"fa-solid fa-volume-high pp-item-center pp-item-hover\"><\/i>\r\n                <\/div>\r\n            <\/div>\r\n        <\/div>\r\n        <div class=\"start-screen\"><img src=https:\/\/palamania.com\/wp-content\/plugins\/palamania\/assets\/images\/pm_logo_transparent.png><\/div>\r\n    <\/div>\r\n<\/div>\r\n<section class=\"section bg-white\">\r\n    <div class=\"container\">\r\n        <div class=\"pm-guide\">\r\n            <h1 class=\"title\">Uppy<\/h1>\r\n            <p>Valmiina ratkaisemaan oikeat siirrot huipulle?<br>T\u00e4ss\u00e4 peliss\u00e4 tavoitteesi on ratkaista jokainen kuva p\u00e4\u00e4st\u00e4ksesi seuraavalle tasolle.<br>Onnea matkaan!<\/p><p>\nKlikkaa paloja oikeassa j\u00e4rjestyksess\u00e4, ensimm\u00e4isest\u00e4 viimeiseen.<br>Sinulla on kolme yrityst\u00e4 per kierros. Joudut aloittamaan pelin alusta, jos olet k\u00e4ytt\u00e4nyt kaikki yritykset.<\/p><p>Peli 1: 10 kuvaa, koko: 15.<br>\nPeli 2: 5 kuvaa, koot: 9, 12, 15, 18 ja  21.<\/p>\n        <\/div>\r\n    <\/div>\r\n<\/section>\n","protected":false},"excerpt":{"rendered":"","protected":false},"author":1,"featured_media":0,"parent":0,"menu_order":0,"comment_status":"closed","ping_status":"closed","template":"","meta":{"footnotes":""},"class_list":["post-46","page","type-page","status-publish","hentry"],"_links":{"self":[{"href":"https:\/\/palamania.com\/fi\/wp-json\/wp\/v2\/pages\/46","targetHints":{"allow":["GET"]}}],"collection":[{"href":"https:\/\/palamania.com\/fi\/wp-json\/wp\/v2\/pages"}],"about":[{"href":"https:\/\/palamania.com\/fi\/wp-json\/wp\/v2\/types\/page"}],"author":[{"embeddable":true,"href":"https:\/\/palamania.com\/fi\/wp-json\/wp\/v2\/users\/1"}],"replies":[{"embeddable":true,"href":"https:\/\/palamania.com\/fi\/wp-json\/wp\/v2\/comments?post=46"}],"version-history":[{"count":2,"href":"https:\/\/palamania.com\/fi\/wp-json\/wp\/v2\/pages\/46\/revisions"}],"predecessor-version":[{"id":144,"href":"https:\/\/palamania.com\/fi\/wp-json\/wp\/v2\/pages\/46\/revisions\/144"}],"wp:attachment":[{"href":"https:\/\/palamania.com\/fi\/wp-json\/wp\/v2\/media?parent=46"}],"curies":[{"name":"wp","href":"https:\/\/api.w.org\/{rel}","templated":true}]}}