{"id":42,"date":"2024-12-15T11:34:28","date_gmt":"2024-12-15T11:34:28","guid":{"rendered":"https:\/\/palamania.com\/?page_id=42"},"modified":"2025-07-04T11:00:28","modified_gmt":"2025-07-04T11:00:28","slug":"numpala-tik-tak","status":"publish","type":"page","link":"https:\/\/palamania.com\/fi\/numpala-tik-tak\/","title":{"rendered":"Numpala tik tak"},"content":{"rendered":"\r\n<div class=\"npt-container\" id=\"npt\">\r\n    <div id=\"npt-puzzle\" class=\"npt-puzzle\">\r\n        <div class=\"npt-top\">\r\n            <div id=\"timer\" class=\"timer col left\"><div class=\"sec-container\"><span class=\"sec\">0<\/span><i class=\"fas fa-clock\"><\/i><\/div><span class=\"time-progress\"><\/span><\/div>\r\n        <\/div>\r\n        <div class=\"npt-wrapper\"><div class=\"npt-app\"><\/div><\/div>\r\n        <div class=\"pm-dashboard\">\r\n            <div class=\"group\">\r\n                <div id=\"setup-game\" class=\"select-game pp-item pp-item-1-2 pp-item-center pp-item-hover\">\r\n                    <i class=\"fas fa-bars\"><\/i>\r\n                    <span class=\"notify-select\"><div class=\"circle pulse\"><\/div><\/span>\r\n                <\/div>\r\n                <div id=\"npt-play\" class=\"pp-item start-game pp-item-1-2 pp-item-center pp-item-hover\">\r\n                    <i class=\"fas fa-play-circle\"><\/i>\r\n                <\/div>\r\n            <\/div>\r\n            <div class=\"group\">\r\n                <div class=\"change-image pp-item pp-item-1-2 pp-item-center pp-item-hover\">\r\n                    <i class=\"fas fa-images\"><\/i>\r\n                <\/div>\r\n                <div id=\"audio-control\" class=\"pp-item pp-item-1-2 audio-control\">\r\n                    <i id=\"audio-icon\" class=\"fa-solid fa-volume-high pp-item-center pp-item-hover\"><\/i>\r\n                <\/div>\r\n            <\/div>\r\n        <\/div>\r\n        <div class=\"start-screen\"><img src=https:\/\/palamania.com\/wp-content\/plugins\/palamania\/assets\/images\/pm_logo_transparent.png><\/div><\/div>\r\n    <\/div>\r\n<\/div>\r\n<section class=\"section bg-white\">\r\n    <div class=\"container\">\r\n        <div class=\"pm-guide\">\r\n            <h1 class=\"title\">Ticky<\/h1>\r\n            <p>Tik tak, tik tak \u2014 aika k\u00e4y v\u00e4hiin. <br>Ratkaise peli ennen kuin aika p\u00e4\u00e4ttyy.<br> Kuulostaa helpolta? Tik tak, tik tak \u2014 onnea matkaan!<\/p><p>\nKlikkaa paloja oikeassa j\u00e4rjestyksess\u00e4, ensimm\u00e4isest\u00e4 viimeiseen. <br>Peli nollaantuu, jos klikkaat v\u00e4\u00e4r\u00e4\u00e4 palaa. Ole siis tarkka ja vikkel\u00e4!<\/p>\n            <p style=\"font-weight: bold; text-transform: uppercase;\">Painikkeet<\/p>\r\n            <ul class=\"pm-guide-buttons\">\r\n                <li><span class=\"guide-icon\"><i class=\"fas fa-play-circle\"><\/i><\/span>Pelaa<\/li> \r\n                <li><span class=\"guide-icon\"> <i class=\"fas fa-images\"><\/i><\/span>Vaihda kuva<\/li> \r\n                <li><span class=\"guide-icon\"><i class=\"fa-solid fa-volume-high\"><\/i><\/span>Audio<\/li> \r\n            <\/ul>\r\n        <\/div>\r\n    <\/div>\r\n<\/section>\n\n\n\n<p><\/p>\n","protected":false},"excerpt":{"rendered":"","protected":false},"author":1,"featured_media":0,"parent":0,"menu_order":0,"comment_status":"closed","ping_status":"closed","template":"","meta":{"footnotes":""},"class_list":["post-42","page","type-page","status-publish","hentry"],"_links":{"self":[{"href":"https:\/\/palamania.com\/fi\/wp-json\/wp\/v2\/pages\/42","targetHints":{"allow":["GET"]}}],"collection":[{"href":"https:\/\/palamania.com\/fi\/wp-json\/wp\/v2\/pages"}],"about":[{"href":"https:\/\/palamania.com\/fi\/wp-json\/wp\/v2\/types\/page"}],"author":[{"embeddable":true,"href":"https:\/\/palamania.com\/fi\/wp-json\/wp\/v2\/users\/1"}],"replies":[{"embeddable":true,"href":"https:\/\/palamania.com\/fi\/wp-json\/wp\/v2\/comments?post=42"}],"version-history":[{"count":2,"href":"https:\/\/palamania.com\/fi\/wp-json\/wp\/v2\/pages\/42\/revisions"}],"predecessor-version":[{"id":145,"href":"https:\/\/palamania.com\/fi\/wp-json\/wp\/v2\/pages\/42\/revisions\/145"}],"wp:attachment":[{"href":"https:\/\/palamania.com\/fi\/wp-json\/wp\/v2\/media?parent=42"}],"curies":[{"name":"wp","href":"https:\/\/api.w.org\/{rel}","templated":true}]}}