{"id":37,"date":"2024-12-15T11:32:46","date_gmt":"2024-12-15T11:32:46","guid":{"rendered":"https:\/\/palamania.com\/?page_id=37"},"modified":"2025-07-04T10:59:41","modified_gmt":"2025-07-04T10:59:41","slug":"pic-numpala","status":"publish","type":"page","link":"https:\/\/palamania.com\/fi\/pic-numpala\/","title":{"rendered":"Pic Numpala"},"content":{"rendered":"\r\n<div class=\"npc-container\" id=\"cp\">\r\n    <div id=\"npc-puzzle\" class=\"npc-puzzle\">\r\n        <div class=\"npc-wrapper\"><div class=\"npc-app\"><\/div><\/div>\r\n        <div class=\"pm-dashboard\">\r\n            <div class=\"group\">\r\n                <div id=\"setup-game\" class=\"pp-item pp-item-1-2 pp-item-center pp-item-hover select-game\">\r\n                    <i class=\"fas fa-bars\"><\/i>\r\n                    <span class=\"notify-select\"><div class=\"circle pulse\"><\/div><\/span>\r\n                <\/div>\r\n                <div class=\"pp-item  pp-item-1-2 pp-item-center pp-item-hover\">\r\n                    <i id=\"npc-play\" class=\"start-game fas fa-play-circle\"><\/i>\r\n                <\/div>\r\n            <\/div>\r\n            <div class=\"group\">\r\n                <div class=\"pp-item pp-item-1-3 pp-item-center pp-item-hover\">\r\n                    <i class=\"change-image  fas fa-images\"><\/i>\r\n                <\/div>\r\n                <div class=\"pp-item pp-item-1-3 pp-item-center pp-item-hover\">\r\n                    <i id=\"npc-shuffle\" class=\"shuffler fas fa-random\"><\/i>\r\n                <\/div>\r\n                <div id=\"audio-control\" class=\"pp-item pp-item-1-3 audio-control\">\r\n                    <i id=\"audio-icon\" class=\"fa-solid fa-volume-high pp-item-center pp-item-hover\"><\/i>\r\n                <\/div>\r\n            <\/div>\r\n        <\/div>\r\n        <div class=\"start-screen\"><img src=https:\/\/palamania.com\/wp-content\/plugins\/palamania\/assets\/images\/pm_logo_transparent.png><\/div>\r\n    <\/div>\r\n<\/div>\r\n<section class=\"section bg-white\">\r\n    <div class=\"container\">\r\n        <div class=\"pm-guide\">\r\n            <h1 class=\"title\">Pictor<\/h1>\r\n            <p>Tervetuloa tuhansien ratkaisemattomien kuvien maailmaan!<br>\nSukella ratkomaan mielenkiintoisia kuvia. Tarjolla on useita kategorioita, loputtomasti kuvia ja eri kokoja.<br> Oletko valmis? Anna palaa! <\/p><p>Klikkaa paloja oikeassa j\u00e4rjestyksess\u00e4, ensimm\u00e4isest\u00e4 viimeiseen.<br>Peli alkaa alusta, jos klikkaat v\u00e4\u00e4r\u00e4\u00e4 palaa.<\/p>\n            <p style=\"font-weight: bold; text-transform: uppercase;\">Painikkeet<\/p>\r\n            <ul class=\"pm-guide-buttons\">\r\n                <li><span class=\"guide-icon\"><i class=\"fas fa-play-circle\"><\/i><\/span>Pelaa<\/li> \r\n                <li><span class=\"guide-icon\"> <i class=\"fas fa-images\"><\/i><\/span>Vaihda kuva<\/li> \r\n                <li><span class=\"guide-icon\"><i class=\"fas fa-random\"><\/i><\/span>Sekoita<\/li> \r\n                <li><span class=\"guide-icon\"><i class=\"fa-solid fa-volume-high\"><\/i><\/span>Audio<\/li> \r\n            <\/ul>\r\n        <\/div>\r\n    <\/div>\r\n<\/section>\r\n\r\n\n","protected":false},"excerpt":{"rendered":"","protected":false},"author":1,"featured_media":0,"parent":0,"menu_order":0,"comment_status":"closed","ping_status":"closed","template":"","meta":{"footnotes":""},"class_list":["post-37","page","type-page","status-publish","hentry"],"_links":{"self":[{"href":"https:\/\/palamania.com\/fi\/wp-json\/wp\/v2\/pages\/37","targetHints":{"allow":["GET"]}}],"collection":[{"href":"https:\/\/palamania.com\/fi\/wp-json\/wp\/v2\/pages"}],"about":[{"href":"https:\/\/palamania.com\/fi\/wp-json\/wp\/v2\/types\/page"}],"author":[{"embeddable":true,"href":"https:\/\/palamania.com\/fi\/wp-json\/wp\/v2\/users\/1"}],"replies":[{"embeddable":true,"href":"https:\/\/palamania.com\/fi\/wp-json\/wp\/v2\/comments?post=37"}],"version-history":[{"count":3,"href":"https:\/\/palamania.com\/fi\/wp-json\/wp\/v2\/pages\/37\/revisions"}],"predecessor-version":[{"id":143,"href":"https:\/\/palamania.com\/fi\/wp-json\/wp\/v2\/pages\/37\/revisions\/143"}],"wp:attachment":[{"href":"https:\/\/palamania.com\/fi\/wp-json\/wp\/v2\/media?parent=37"}],"curies":[{"name":"wp","href":"https:\/\/api.w.org\/{rel}","templated":true}]}}