{"id":33,"date":"2024-12-15T11:31:30","date_gmt":"2024-12-15T11:31:30","guid":{"rendered":"https:\/\/palamania.com\/?page_id=33"},"modified":"2025-07-04T10:57:58","modified_gmt":"2025-07-04T10:57:58","slug":"liukupalapeli-tasot","status":"publish","type":"page","link":"https:\/\/palamania.com\/fi\/liukupalapeli-tasot\/","title":{"rendered":"Liukupalapeli tasot"},"content":{"rendered":"\r\n<div class=\"spl-container\" id=\"spl\">\r\n    <div id=\"spl-puzzle\" class=\"spl-puzzle\">\r\n        <div class=\"spl-top\">\r\n            <div id=\"timer\" class=\"levels left\"><\/div>\r\n            <div class=\"moves-container col right\"><span class=\"moves\" data-moves=\"\">0<\/span> \/ <span class=\"maxmoves\">0<\/span><\/div>\r\n        <\/div>\r\n        <div class=\"spl-wrapper\"><div class=\"spl-app\"><\/div><\/div>\r\n        <div class=\"pm-dashboard\">\r\n            <div class=\"group\">\r\n                <div id=\"setup-game\" class=\"select-game pp-item pp-item-1-2 pp-item-center pp-item-hover\">\r\n                    <i class=\"fas fa-bars\"><\/i> \r\n                    <span class=\"notify-select\"><div class=\"circle pulse\"><\/div><\/span>\r\n                <\/div>\r\n                <div class=\" pp-item pp-item-1-2\">\r\n                    <i id=\"spl-play\" class=\"fas fa-play-circle start-game pp-item-center pp-item-hover\"><\/i>\r\n                <\/div>\r\n            <div class=\"group\">\r\n                <div class=\" pp-item pp-item-1-2\">\r\n                    <i id=\"spl-restart\" class=\"fas fa-redo fa-flip-horizontal restart-gamepp-item-center pp-item-hover\"><\/i>\r\n                <\/div>\r\n                <div id=\"audio-control\" class=\"pp-item pp-item-1-2 audio-control\">\r\n                    <i id=\"audio-icon\" class=\"fa-solid fa-volume-high pp-item-center pp-item-hover\"><\/i>\r\n                <\/div>\r\n            <\/div>\r\n        <\/div>\r\n        <div class=\"start-screen\"><div class=\"max-moves-container\"><div class=\"max-moves-screen\"><\/div><\/div><\/div>\r\n    <\/div>\r\n<\/div>\r\n<section class=\"section bg-white\">\r\n    <div class=\"container\">\r\n        <div class=\"pm-guide\">\r\n            <h1 class=\"title\">Uppy<\/h1>\r\n            <p>Valmiina ratkaisemaan oikeat siirrot huipulle?<br>T\u00e4ss\u00e4 peliss\u00e4 tavoitteesi on ratkaista jokainen kuva p\u00e4\u00e4st\u00e4ksesi seuraavalle tasolle.  <br>Onnea matkaan!<\/p><p>Peli 1: 10 kuvaa, koko: 9.<br>\nPeli 2: 5 kuvaa, koot: 9, 12, 15, 18 ja  21.<\/p>\n            <p style=\"font-weight: bold; text-transform: uppercase;\">Painikkeet<\/p>\r\n            <ul class=\"pm-guide-buttons\">\r\n                <li><span class=\"guide-icon\"><i class=\"fas fa-play-circle\"><\/i><\/span>Pelaa<\/li> \r\n                <li><span class=\"guide-icon\"> <i class=\"fas fa-images\"><\/i><\/span>Vaihda kuva<\/li> \r\n                <li><span class=\"guide-icon\"><i class=\"fa-solid fa-volume-high\"><\/i><\/span>Audio<\/li> \r\n            <\/ul>\r\n        <\/div>\r\n    <\/div>\r\n<\/section>\n","protected":false},"excerpt":{"rendered":"","protected":false},"author":1,"featured_media":0,"parent":0,"menu_order":0,"comment_status":"closed","ping_status":"closed","template":"","meta":{"footnotes":""},"class_list":["post-33","page","type-page","status-publish","hentry"],"_links":{"self":[{"href":"https:\/\/palamania.com\/fi\/wp-json\/wp\/v2\/pages\/33","targetHints":{"allow":["GET"]}}],"collection":[{"href":"https:\/\/palamania.com\/fi\/wp-json\/wp\/v2\/pages"}],"about":[{"href":"https:\/\/palamania.com\/fi\/wp-json\/wp\/v2\/types\/page"}],"author":[{"embeddable":true,"href":"https:\/\/palamania.com\/fi\/wp-json\/wp\/v2\/users\/1"}],"replies":[{"embeddable":true,"href":"https:\/\/palamania.com\/fi\/wp-json\/wp\/v2\/comments?post=33"}],"version-history":[{"count":2,"href":"https:\/\/palamania.com\/fi\/wp-json\/wp\/v2\/pages\/33\/revisions"}],"predecessor-version":[{"id":139,"href":"https:\/\/palamania.com\/fi\/wp-json\/wp\/v2\/pages\/33\/revisions\/139"}],"wp:attachment":[{"href":"https:\/\/palamania.com\/fi\/wp-json\/wp\/v2\/media?parent=33"}],"curies":[{"name":"wp","href":"https:\/\/api.w.org\/{rel}","templated":true}]}}