{"id":29,"date":"2024-12-15T11:29:50","date_gmt":"2024-12-15T11:29:50","guid":{"rendered":"https:\/\/palamania.com\/?page_id=29"},"modified":"2025-07-04T10:58:21","modified_gmt":"2025-07-04T10:58:21","slug":"liukupalapeli-tik-tak","status":"publish","type":"page","link":"https:\/\/palamania.com\/fi\/liukupalapeli-tik-tak\/","title":{"rendered":"Liukupalapeli tik tak"},"content":{"rendered":"\r\n<div id=\"spt\" class=\"spt-container\">\r\n    <div id=\"spt-puzzle\" class=\"spt-puzzle\">\r\n        <div class=\"spt-top\">\r\n            <div id=\"timer\" class=\"timer col left\"><div class=\"sec-container\"><i class=\"fas fa-clock\"><\/i><\/div><span class=\"time-progress\"><\/span><\/div>\r\n            <div class=\"moves-container col right\"><span class=\"moves\">0<\/span> \/ <span class=\"maxmoves\">0<\/span><\/div>\r\n        <\/div>\r\n        <div class=\"spt-wrapper\"><div class=\"spt-app\"><\/div><\/div>\r\n        <div class=\"pm-dashboard\">\r\n            <div class=\"group\">\r\n                <div id=\"setup-game\" class=\"select-game pp-item pp-item-1-2 pp-item-center pp-item-hover\">\r\n                    <i class=\"fas fa-bars\"><\/i> \r\n                    <span class=\"notify-select\"><div class=\"circle pulse\"><\/div><\/span>\r\n                <\/div>\r\n                <div class=\" pp-item pp-item-1-2\">\r\n                    <i id=\"spt-play\" class=\"fas fa-play-circle start-game pp-item-center pp-item-hover\"><\/i>\r\n                <\/div>\r\n            <\/div>\r\n            <div class=\"group\">\r\n                <div class=\"pp-item pp-item pp-item-1-3\">\r\n                    <i id=\"spt-new-image\"  class=\"fas fa-images change-image pp-item-center pp-item-hover\"><\/i>\r\n                <\/div>\r\n                <div class=\"pp-item pp-item-1-3\">\r\n                    <i id=\"spt-shuffle\" class=\"fas fa-random shuffler  pp-item-center pp-item-hover\"><\/i>\r\n                <\/div>\r\n                <div id=\"audio-control\" class=\"pp-item pp-item-1-3 audio-control\">\r\n                    <i id=\"audio-icon\" class=\"fa-solid fa-volume-high pp-item-center pp-item-hover\"><\/i>\r\n                <\/div>\r\n            <\/div>\r\n        <\/div>\r\n        <div class=\"start-screen\">\r\n            <div class=\"content\">\r\n                <div class=\"max-moves-container\">\r\n                    <div class=\"max-moves-screen\"><\/div>\r\n                <\/div>\r\n                <img src=https:\/\/palamania.com\/wp-content\/plugins\/palamania\/assets\/images\/pm_logo_transparent.png>\r\n            <\/div>\r\n        <\/div>\r\n    <\/div>\r\n<\/div>\r\n<section class=\"section bg-white\">\r\n    <div class=\"container\">\r\n        <div class=\"pm-guide\">\r\n            <h1 class=\"title\">Ticky<\/h1>\r\n            <p>Tik tak, tik tak \u2014 aika k\u00e4y v\u00e4hiin. Ratkaise peli ennen kuin aika p\u00e4\u00e4ttyy.<br> Kuulostaako helpolta? Tik tak, tik tak \u2014 onnea matkaan!<\/p>\n            <p style=\"font-weight: bold; text-transform: uppercase;\">Painikkeet<\/p>\r\n            <ul class=\"pm-guide-buttons\">\r\n                <li><span class=\"guide-icon\"><i class=\"fas fa-play-circle\"><\/i><\/span>Pelaa<\/li> \r\n                <li><span class=\"guide-icon\"> <i class=\"fas fa-images\"><\/i><\/span><\/span>Vaihda kuva<\/li> \r\n                <li><span class=\"guide-icon\"><i class=\"fas fa-redo fa-flip-horizontal\"><\/i><\/span><\/span>Aloita alusta<\/li> \r\n                <li><span class=\"guide-icon\"><i class=\"fas fa-random\"><\/i><\/span><\/span>Sekoita<\/li> \r\n                <li><span class=\"guide-icon\"><i class=\"fa-solid fa-volume-high\"><\/i><\/span>Audio<\/li> \r\n            <\/ul>\r\n        <\/div>\r\n    <\/div>\r\n<\/section>\n","protected":false},"excerpt":{"rendered":"","protected":false},"author":1,"featured_media":0,"parent":0,"menu_order":0,"comment_status":"closed","ping_status":"closed","template":"","meta":{"footnotes":""},"class_list":["post-29","page","type-page","status-publish","hentry"],"_links":{"self":[{"href":"https:\/\/palamania.com\/fi\/wp-json\/wp\/v2\/pages\/29","targetHints":{"allow":["GET"]}}],"collection":[{"href":"https:\/\/palamania.com\/fi\/wp-json\/wp\/v2\/pages"}],"about":[{"href":"https:\/\/palamania.com\/fi\/wp-json\/wp\/v2\/types\/page"}],"author":[{"embeddable":true,"href":"https:\/\/palamania.com\/fi\/wp-json\/wp\/v2\/users\/1"}],"replies":[{"embeddable":true,"href":"https:\/\/palamania.com\/fi\/wp-json\/wp\/v2\/comments?post=29"}],"version-history":[{"count":5,"href":"https:\/\/palamania.com\/fi\/wp-json\/wp\/v2\/pages\/29\/revisions"}],"predecessor-version":[{"id":140,"href":"https:\/\/palamania.com\/fi\/wp-json\/wp\/v2\/pages\/29\/revisions\/140"}],"wp:attachment":[{"href":"https:\/\/palamania.com\/fi\/wp-json\/wp\/v2\/media?parent=29"}],"curies":[{"name":"wp","href":"https:\/\/api.w.org\/{rel}","templated":true}]}}