{"id":25,"date":"2024-12-15T11:27:29","date_gmt":"2024-12-15T11:27:29","guid":{"rendered":"https:\/\/palamania.com\/?page_id=25"},"modified":"2025-07-04T10:59:01","modified_gmt":"2025-07-04T10:59:01","slug":"klassikko-liukupala","status":"publish","type":"page","link":"https:\/\/palamania.com\/fi\/klassikko-liukupala\/","title":{"rendered":"Klassikko Liukupala"},"content":{"rendered":"<div class=\"classic-container\" id=\"classic-sliding-puzzle\">\r\n    <div id=\"classic-puzzle\" class=\"classic-puzzle\">\r\n        <div class=\"classic-top\">\r\n            <div class=\"score\"><i class=\"fa-solid fa-star\"><\/i><span id=\"score-total\" class=\"score-total\">0<\/span><\/div>\r\n            <div class=\"moves-container\"><span class=\"moves\" id=\"moves\" data-moves=\"\">0<\/span> \/ <span id=\"maxMoves\" class=\"maxmoves\">0<\/span><\/div>\r\n        <\/div>\r\n        <div class=\"classic-wrapper\"><div class=\"classic-app\"><\/div><\/div>\r\n        <div class=\"pm-dashboard\">\r\n            <div class=\"group\">\r\n                <div class=\"db-header\">Valitse koko<\/div>\r\n                <ul class=\"classic-sizes\">\r\n                    <li class=\"classic-size-item\" data-size=\"3\">9<\/li>\r\n                    <li class=\"classic-size-item\" data-size=\"4\">12<\/li>\r\n                    <li class=\"classic-size-item\" data-size=\"5\">15<\/li>\r\n                    <li class=\"classic-size-item\" data-size=\"6\">18<\/li>\r\n                    <li class=\"classic-size-item\" data-size=\"7\">21<\/li>\r\n                <\/ul>\r\n            <\/div>\r\n            <div class=\"group\">\r\n                <div class=\" pp-item pp-item-1-3\">\r\n                    <i id=\"classic-restart\" class=\"fa-solid fa-redo fa-flip-horizontal restart-gamepp-item-center pp-item-hover\"><\/i>\r\n                <\/div>\r\n                <div class=\"pp-item pp-item-1-3\">\r\n                    <i id=\"classic-shuffle\" class=\"fa-solid fa-random shuffler  pp-item-center pp-item-hover\"><\/i>\r\n                <\/div>\r\n                <div id=\"audio-control\" class=\"pp-item pp-item-1-3 audio-control\">\r\n                    <i id=\"classic-audio\" class=\"fa-solid classic-audio fa-volume-high pp-item-center pp-item-hover\"><\/i>\r\n                <\/div>\r\n            <\/div>\r\n        <\/div>\r\n    <\/div>\r\n<\/div>\r\n<section class=\"section bg-white\">\r\n    <div class=\"container\">\r\n        <div class=\"pm-guide\">\r\n            <h1 class=\"title\">Classy<\/h1>\r\n            <p>T\u00e4m\u00e4 klassinen liukupalapeli numeroilla ei kaipaa esittelyj\u00e4. Liu\u2019uta, kunnes loksahtaa!<\/p>\n            <p style=\"font-weight: bold; text-transform: uppercase;\">Painikkeet<\/p>\r\n            <ul class=\"pm-guide-buttons\">\r\n                <li><span class=\"guide-icon\"><i class=\"fa-solid fa-redo fa-flip-horizontal\"><\/i><\/span>Aloita alusta<\/li> \r\n                <li><span class=\"guide-icon\"><i class=\"fa-solid fa-random\"><\/i><\/span>Sekoita<\/li> \r\n                <li><span class=\"guide-icon\"><i class=\"fa-solid fa-volume-high\"><\/i><\/span>Audio<\/li> \r\n            <\/ul>\r\n        <\/div>\r\n    <\/div>\r\n\r\n<\/section>\n\n\n\n<p><\/p>\n","protected":false},"excerpt":{"rendered":"","protected":false},"author":1,"featured_media":0,"parent":0,"menu_order":0,"comment_status":"closed","ping_status":"closed","template":"","meta":{"footnotes":""},"class_list":["post-25","page","type-page","status-publish","hentry"],"_links":{"self":[{"href":"https:\/\/palamania.com\/fi\/wp-json\/wp\/v2\/pages\/25","targetHints":{"allow":["GET"]}}],"collection":[{"href":"https:\/\/palamania.com\/fi\/wp-json\/wp\/v2\/pages"}],"about":[{"href":"https:\/\/palamania.com\/fi\/wp-json\/wp\/v2\/types\/page"}],"author":[{"embeddable":true,"href":"https:\/\/palamania.com\/fi\/wp-json\/wp\/v2\/users\/1"}],"replies":[{"embeddable":true,"href":"https:\/\/palamania.com\/fi\/wp-json\/wp\/v2\/comments?post=25"}],"version-history":[{"count":2,"href":"https:\/\/palamania.com\/fi\/wp-json\/wp\/v2\/pages\/25\/revisions"}],"predecessor-version":[{"id":141,"href":"https:\/\/palamania.com\/fi\/wp-json\/wp\/v2\/pages\/25\/revisions\/141"}],"wp:attachment":[{"href":"https:\/\/palamania.com\/fi\/wp-json\/wp\/v2\/media?parent=25"}],"curies":[{"name":"wp","href":"https:\/\/api.w.org\/{rel}","templated":true}]}}