{"id":183,"date":"2025-08-21T15:19:53","date_gmt":"2025-08-21T15:19:53","guid":{"rendered":"https:\/\/palamania.com\/gifpop\/"},"modified":"2025-08-21T15:21:15","modified_gmt":"2025-08-21T15:21:15","slug":"gifpop","status":"publish","type":"page","link":"https:\/\/palamania.com\/fi\/gifpop\/","title":{"rendered":"GifPop"},"content":{"rendered":"\r\n<div class=\"video-container\" id=\"video\">\r\n    <div id=\"video-puzzle\" class=\"video-puzzle\">\r\n        <div class=\"video-wrapper\">\r\n            <div class=\"video-app\"><\/div>\r\n        <\/div>\r\n        <div class=\"pm-dashboard\">\r\n            <div class=\"group video\">\r\n                <div class=\"db-header\">Valitse koko<\/div>\r\n                <ul class=\"video-sizes\">\r\n                    <li class=\"video-size-item active\" data-size=\"3\">9<\/li>\r\n                    <li class=\"video-size-item\" data-size=\"4\">12<\/li>\r\n                    <li class=\"video-size-item\" data-size=\"5\">15<\/li>\r\n                <\/ul>\r\n            <\/div>\r\n            <div class=\"group\">\r\n                <div class=\"pp-item pp-item pp-item-1-1\">\r\n                    <i id=\"change-video\"  class=\"fa-solid fa-images change-image pp-item-center pp-item-hover\"><\/i>\r\n                <\/div>\r\n            <\/div>\r\n        <\/div>\r\n    <\/div>\r\n<\/div>\r\n<section class=\"section bg-white\">\r\n    <div class=\"container\">\r\n        <div class=\"pm-guide\">\r\n            <h1 class=\"title\">Gifpop<\/h1>\r\n            <p>T\u00e4ss\u00e4 peliss\u00e4 liukupalapelit saavat t\u00e4ysin uuden ulottuvuuden.<br>Pystytk\u00f6 hallitsemaan liikkuvat ja poksahtelevat GIF-palat?<br>Oletko valmis sukeltamaan hypnoottiseen haasteeseen? Mainiota! Nyt on aika testata kryptiset taitosi.<\/p>        <\/div>\r\n        <div class=\"video-game-selector\">\r\n            <div id=\"video-cards\" class=\"video-cards\">\r\n                                        <div class=\"video-card\" data-page=\"1\" data-cover= vid1.webp data-video= vid1.gif>\r\n                            <img decoding=\"async\" src=\"https:\/\/palamania.com\/wp-content\/plugins\/palamania\/assets\/images\/video\/1\/cover\/vid1.webp\" alt=\"video\" load=\"lazy\">\r\n                        <\/div>\r\n                                                <div class=\"video-card\" data-page=\"1\" data-cover= vid10.webp data-video= vid10.gif>\r\n                            <img decoding=\"async\" src=\"https:\/\/palamania.com\/wp-content\/plugins\/palamania\/assets\/images\/video\/1\/cover\/vid10.webp\" alt=\"video\" load=\"lazy\">\r\n                        <\/div>\r\n                                                <div class=\"video-card\" data-page=\"1\" data-cover= vid11.webp data-video= vid11.gif>\r\n                            <img decoding=\"async\" src=\"https:\/\/palamania.com\/wp-content\/plugins\/palamania\/assets\/images\/video\/1\/cover\/vid11.webp\" alt=\"video\" load=\"lazy\">\r\n                        <\/div>\r\n                                                <div class=\"video-card\" data-page=\"1\" data-cover= vid12.webp data-video= vid12.gif>\r\n                            <img decoding=\"async\" src=\"https:\/\/palamania.com\/wp-content\/plugins\/palamania\/assets\/images\/video\/1\/cover\/vid12.webp\" alt=\"video\" load=\"lazy\">\r\n                        <\/div>\r\n                                                <div class=\"video-card\" data-page=\"1\" data-cover= vid13.webp data-video= vid13.gif>\r\n                            <img decoding=\"async\" src=\"https:\/\/palamania.com\/wp-content\/plugins\/palamania\/assets\/images\/video\/1\/cover\/vid13.webp\" alt=\"video\" load=\"lazy\">\r\n                        <\/div>\r\n                                                <div class=\"video-card\" data-page=\"1\" data-cover= vid14.webp data-video= vid14.gif>\r\n                            <img decoding=\"async\" src=\"https:\/\/palamania.com\/wp-content\/plugins\/palamania\/assets\/images\/video\/1\/cover\/vid14.webp\" alt=\"video\" load=\"lazy\">\r\n                        <\/div>\r\n                                                <div class=\"video-card\" data-page=\"1\" data-cover= vid15.webp data-video= vid15.gif>\r\n                            <img decoding=\"async\" src=\"https:\/\/palamania.com\/wp-content\/plugins\/palamania\/assets\/images\/video\/1\/cover\/vid15.webp\" alt=\"video\" load=\"lazy\">\r\n                        <\/div>\r\n                                                <div class=\"video-card\" data-page=\"1\" data-cover= vid2.webp data-video= vid2.gif>\r\n                            <img decoding=\"async\" src=\"https:\/\/palamania.com\/wp-content\/plugins\/palamania\/assets\/images\/video\/1\/cover\/vid2.webp\" alt=\"video\" load=\"lazy\">\r\n                        <\/div>\r\n                                                <div class=\"video-card\" data-page=\"1\" data-cover= vid3.webp data-video= vid3.gif>\r\n                            <img decoding=\"async\" src=\"https:\/\/palamania.com\/wp-content\/plugins\/palamania\/assets\/images\/video\/1\/cover\/vid3.webp\" alt=\"video\" load=\"lazy\">\r\n                        <\/div>\r\n                                                <div class=\"video-card\" data-page=\"1\" data-cover= vid5.webp data-video= vid5.gif>\r\n                            <img decoding=\"async\" src=\"https:\/\/palamania.com\/wp-content\/plugins\/palamania\/assets\/images\/video\/1\/cover\/vid5.webp\" alt=\"video\" load=\"lazy\">\r\n                        <\/div>\r\n                                                <div class=\"video-card\" data-page=\"1\" data-cover= vid6.webp data-video= vid6.gif>\r\n                            <img decoding=\"async\" src=\"https:\/\/palamania.com\/wp-content\/plugins\/palamania\/assets\/images\/video\/1\/cover\/vid6.webp\" alt=\"video\" load=\"lazy\">\r\n                        <\/div>\r\n                                                <div class=\"video-card\" data-page=\"1\" data-cover= vid7.webp data-video= vid7.gif>\r\n                            <img decoding=\"async\" src=\"https:\/\/palamania.com\/wp-content\/plugins\/palamania\/assets\/images\/video\/1\/cover\/vid7.webp\" alt=\"video\" load=\"lazy\">\r\n                        <\/div>\r\n                                                <div class=\"video-card\" data-page=\"1\" data-cover= vid8.webp data-video= vid8.gif>\r\n                            <img decoding=\"async\" src=\"https:\/\/palamania.com\/wp-content\/plugins\/palamania\/assets\/images\/video\/1\/cover\/vid8.webp\" alt=\"video\" load=\"lazy\">\r\n                        <\/div>\r\n                                                <div class=\"video-card\" data-page=\"1\" data-cover= vid9.webp data-video= vid9.gif>\r\n                            <img decoding=\"async\" src=\"https:\/\/palamania.com\/wp-content\/plugins\/palamania\/assets\/images\/video\/1\/cover\/vid9.webp\" alt=\"video\" load=\"lazy\">\r\n                        <\/div>\r\n                                    <\/div>\r\n            <div class=\"load-more\">\r\n                <div id=\"loadMore\" class=\"loader\" data-page=\"1\" data-total=\"4\">\r\n                    lataa lis\u00e4\u00e4                <\/div>\r\n            <\/div>\r\n        <\/div>\r\n    <\/div>\r\n<\/section>\r\n\n","protected":false},"excerpt":{"rendered":"","protected":false},"author":1,"featured_media":0,"parent":0,"menu_order":0,"comment_status":"closed","ping_status":"closed","template":"","meta":{"footnotes":""},"class_list":["post-183","page","type-page","status-publish","hentry"],"_links":{"self":[{"href":"https:\/\/palamania.com\/fi\/wp-json\/wp\/v2\/pages\/183","targetHints":{"allow":["GET"]}}],"collection":[{"href":"https:\/\/palamania.com\/fi\/wp-json\/wp\/v2\/pages"}],"about":[{"href":"https:\/\/palamania.com\/fi\/wp-json\/wp\/v2\/types\/page"}],"author":[{"embeddable":true,"href":"https:\/\/palamania.com\/fi\/wp-json\/wp\/v2\/users\/1"}],"replies":[{"embeddable":true,"href":"https:\/\/palamania.com\/fi\/wp-json\/wp\/v2\/comments?post=183"}],"version-history":[{"count":1,"href":"https:\/\/palamania.com\/fi\/wp-json\/wp\/v2\/pages\/183\/revisions"}],"predecessor-version":[{"id":184,"href":"https:\/\/palamania.com\/fi\/wp-json\/wp\/v2\/pages\/183\/revisions\/184"}],"wp:attachment":[{"href":"https:\/\/palamania.com\/fi\/wp-json\/wp\/v2\/media?parent=183"}],"curies":[{"name":"wp","href":"https:\/\/api.w.org\/{rel}","templated":true}]}}