{"id":174,"date":"2025-08-07T17:12:54","date_gmt":"2025-08-07T17:12:54","guid":{"rendered":"https:\/\/palamania.com\/kuinka-ratkaista-liukupalapeleja\/"},"modified":"2025-10-21T09:40:52","modified_gmt":"2025-10-21T09:40:52","slug":"kuinka-ratkaista-liukupalapeleja","status":"publish","type":"page","link":"https:\/\/palamania.com\/fi\/kuinka-ratkaista-liukupalapeleja\/","title":{"rendered":"Kuinka ratkaista liukupalapelej\u00e4"},"content":{"rendered":"\n<h2 class=\"wp-block-heading\">RISA-Menetelm\u00e4: Vaiheittainen tapa ratkaista liukupalapelej\u00e4<\/h2>\n\n\n\n<p>RISA-menetelm\u00e4 on yksinkertainen ja tehokas tapa, jonka avulla voit ratkaista liukupalapelej\u00e4 joka kerta. Nimi tulee siit\u00e4, ett\u00e4 palapelin osat ratkaistaan j\u00e4rjestyksess\u00e4 riveitt\u00e4in ja sarakeittain.<\/p>\n\n\n\n<p>Perusidea on ratkaista palapeli ulkoreunoilta sis\u00e4\u00e4np\u00e4in, yksi rivi tai sarake kerrallaan. Kun saat valmiiksi jokaisen ulomman rivin tai sarakkeen, j\u00e4ljelle j\u00e4\u00e4v\u00e4 osa palapelist\u00e4 pienenee ja sen k\u00e4sittely helpottuu.Viimeiset palat ratkaiset pienen alueen sis\u00e4ll\u00e4, jolloin pelin loppuvaihe on helpompi.<\/p>\n\n\n\n<p><strong>Muista<\/strong>: Kun olet saanut rivin tai sarakkeen paikoilleen, \u00e4l\u00e4 en\u00e4\u00e4 siirr\u00e4 sen paloja.<\/p>\n\n\n\n<p><strong>RISA-menetelm\u00e4n vaiheet:<\/strong><\/p>\n\n\n\n<ol class=\"wp-block-list\">\n<li>Ratkaise ensimm\u00e4inen (ylin) rivi<\/li>\n\n\n\n<li>Ratkaise ensimm\u00e4inen (vasemmanpuoleisin) sarake<\/li>\n\n\n\n<li>Ratkaise toinen rivi<\/li>\n\n\n\n<li>Ratkaise toinen sarake<\/li>\n\n\n\n<li>Jatka vuorotellen rivej\u00e4 ja sarakkeita, kunnes koko palapeli on valmis<\/li>\n<\/ol>\n\n\n\n<p>T\u00e4ll\u00e4 menetelm\u00e4ll\u00e4 voit ratkaista mink\u00e4 tahansa liukupalapelin \u2014 ilman arvailua, puhtaasti strategialla!<\/p>\n\n\n\n<h2 class=\"wp-block-heading\">VIDEO-OHJE<\/h2>\n\n\n\n<p>T\u00e4ss\u00e4 videossa n\u00e4et vaiheittaiset ohjeet, jotka auttavat sinua ymm\u00e4rt\u00e4m\u00e4\u00e4n siirtojen logiikan.<\/p>\n\n\n\n<figure class=\"wp-block-embed is-type-video is-provider-youtube wp-block-embed-youtube wp-embed-aspect-16-9 wp-has-aspect-ratio\"><div class=\"wp-block-embed__wrapper\">\n<iframe loading=\"lazy\" title=\"How To Solve Sliding Puzzle 3 x 3 | Palamania Games\" width=\"500\" height=\"281\" src=\"https:\/\/www.youtube.com\/embed\/kgqdI_Y4bko?feature=oembed\" frameborder=\"0\" allow=\"accelerometer; autoplay; clipboard-write; encrypted-media; gyroscope; picture-in-picture; web-share\" referrerpolicy=\"strict-origin-when-cross-origin\" allowfullscreen><\/iframe>\n<\/div><\/figure>\n\n\n\n<h2 class=\"wp-block-heading\">Palapeli 3 x 3<\/h2>\n\n\n\n<figure class=\"wp-block-image size-full is-resized\"><img loading=\"lazy\" decoding=\"async\" width=\"272\" height=\"271\" src=\"https:\/\/palamania.com\/wp-content\/uploads\/2025\/08\/how_to_3x31.gif\" alt=\"\" class=\"wp-image-161\" style=\"width:222px;height:auto\"\/><\/figure>\n\n\n\n<h2 class=\"wp-block-heading\">Palapeli 3 x 5<\/h2>\n\n\n\n<p>15 palan ratkaisemiseen t\u00e4ytyy hieman soveltaa RISA-menetelm\u00e4\u00e4.<\/p>\n\n\n\n<ol class=\"wp-block-list\">\n<li>Ratkaise ensimm\u00e4inen rivi<\/li>\n\n\n\n<li>Ratkaise toinen rivi<\/li>\n\n\n\n<li>Ratkaise vasen sarake<\/li>\n\n\n\n<li>Ratkaise kolmas rivi<\/li>\n\n\n\n<li>Ratkaise keskimm\u00e4inen sarake<\/li>\n\n\n\n<li>Viimeistele palapeli<\/li>\n<\/ol>\n\n\n\n<p>Katso video (yll\u00e4) tarkempia ohjeita varten.<\/p>\n\n\n\n<figure class=\"wp-block-image size-full is-resized\"><img loading=\"lazy\" decoding=\"async\" width=\"272\" height=\"313\" src=\"https:\/\/palamania.com\/wp-content\/uploads\/2025\/08\/how_to_3x51.gif\" alt=\"\" class=\"wp-image-166\" style=\"width:211px;height:auto\"\/><\/figure>\n\n\n\n<h2 class=\"wp-block-heading\">Palapeli 3 x 6<\/h2>\n\n\n\n<p>18 palan ratkaisemiseen t\u00e4ytyy hieman soveltaa RISA-menetelm\u00e4\u00e4.<\/p>\n\n\n\n<ol class=\"wp-block-list\">\n<li>Ratkaise ensimm\u00e4inen rivi<\/li>\n\n\n\n<li>Ratkaise toinen rivi<\/li>\n\n\n\n<li>Ratkaise kolmas rivi<\/li>\n\n\n\n<li>Ratkaise vasen sarake<\/li>\n\n\n\n<li>Ratkaise nelj\u00e4s rivi<\/li>\n\n\n\n<li>Ratkaise keskimm\u00e4inen sarake<\/li>\n\n\n\n<li>Viimeistele palapeli<\/li>\n<\/ol>\n\n\n\n<p>Katso video (yll\u00e4) tarkempia ohjeita varten.<\/p>\n\n\n\n<figure class=\"wp-block-image size-full is-resized\"><img loading=\"lazy\" decoding=\"async\" width=\"200\" height=\"293\" src=\"https:\/\/palamania.com\/wp-content\/uploads\/2025\/08\/how_to_3x6.gif\" alt=\"\" class=\"wp-image-169\" style=\"width:196px;height:auto\"\/><\/figure>\n\n\n\n<h2 class=\"wp-block-heading\">Palapeli 3 x 7<\/h2>\n\n\n\n<p>21 palan ratkaisemiseen t\u00e4ytyy hieman soveltaa RISA-menetelm\u00e4\u00e4.<\/p>\n\n\n\n<ol class=\"wp-block-list\">\n<li>Ratkaise ensimm\u00e4inen rivi<\/li>\n\n\n\n<li>Ratkaise toinen rivi<\/li>\n\n\n\n<li>Ratkaise kolmas rivi<\/li>\n\n\n\n<li>Ratkaise nelj\u00e4s rivi<\/li>\n\n\n\n<li>Ratkaise vasen sarake<\/li>\n\n\n\n<li>Ratkaise viides rivi<\/li>\n\n\n\n<li>Ratkaise keskimm\u00e4inen sarake<\/li>\n\n\n\n<li>Viimeistele palapeli<\/li>\n<\/ol>\n\n\n\n<p>Katso video (yll\u00e4) tarkempia ohjeita varten.<\/p>\n\n\n\n<figure class=\"wp-block-image size-full\"><img loading=\"lazy\" decoding=\"async\" width=\"200\" height=\"350\" src=\"https:\/\/palamania.com\/wp-content\/uploads\/2025\/08\/how_to_3x71.gif\" alt=\"\" class=\"wp-image-172\"\/><\/figure>\n","protected":false},"excerpt":{"rendered":"<p>RISA-Menetelm\u00e4: Vaiheittainen tapa ratkaista liukupalapelej\u00e4 RISA-menetelm\u00e4 on yksinkertainen ja tehokas tapa, jonka avulla voit ratkaista liukupalapelej\u00e4 joka kerta. Nimi tulee siit\u00e4, ett\u00e4 palapelin osat ratkaistaan j\u00e4rjestyksess\u00e4 riveitt\u00e4in ja sarakeittain. Perusidea on ratkaista palapeli ulkoreunoilta sis\u00e4\u00e4np\u00e4in, yksi rivi tai sarake kerrallaan. Kun saat valmiiksi jokaisen ulomman rivin tai sarakkeen, j\u00e4ljelle j\u00e4\u00e4v\u00e4 osa palapelist\u00e4 pienenee ja sen [&hellip;]<\/p>\n","protected":false},"author":1,"featured_media":0,"parent":0,"menu_order":0,"comment_status":"closed","ping_status":"closed","template":"page-blog.php","meta":{"footnotes":""},"class_list":["post-174","page","type-page","status-publish","hentry"],"_links":{"self":[{"href":"https:\/\/palamania.com\/fi\/wp-json\/wp\/v2\/pages\/174","targetHints":{"allow":["GET"]}}],"collection":[{"href":"https:\/\/palamania.com\/fi\/wp-json\/wp\/v2\/pages"}],"about":[{"href":"https:\/\/palamania.com\/fi\/wp-json\/wp\/v2\/types\/page"}],"author":[{"embeddable":true,"href":"https:\/\/palamania.com\/fi\/wp-json\/wp\/v2\/users\/1"}],"replies":[{"embeddable":true,"href":"https:\/\/palamania.com\/fi\/wp-json\/wp\/v2\/comments?post=174"}],"version-history":[{"count":14,"href":"https:\/\/palamania.com\/fi\/wp-json\/wp\/v2\/pages\/174\/revisions"}],"predecessor-version":[{"id":204,"href":"https:\/\/palamania.com\/fi\/wp-json\/wp\/v2\/pages\/174\/revisions\/204"}],"wp:attachment":[{"href":"https:\/\/palamania.com\/fi\/wp-json\/wp\/v2\/media?parent=174"}],"curies":[{"name":"wp","href":"https:\/\/api.w.org\/{rel}","templated":true}]}}