{"id":154,"date":"2025-08-02T19:32:29","date_gmt":"2025-08-02T19:32:29","guid":{"rendered":"https:\/\/palamania.com\/mega\/"},"modified":"2025-08-02T19:33:50","modified_gmt":"2025-08-02T19:33:50","slug":"mega","status":"publish","type":"page","link":"https:\/\/palamania.com\/fi\/mega\/","title":{"rendered":"Mega"},"content":{"rendered":"<div class=\"mega-container\" id=\"mega-sliding-puzzle\">\r\n    <div class=\"mega-mobile\">Olen liian suuri t\u00e4lle n\u00e4yt\u00f6lle.<\/div>\r\n    <div id=\"mega-puzzle\" class=\"mega-puzzle\">\r\n        <div class=\"mega-top\">\r\n            <div class=\"moves-container\"><span class=\"moves\" id=\"moves\" data-moves=\"\">0<\/span><\/div>\r\n        <\/div>\r\n        <div class=\"mega-wrapper\"><div class=\"mega-app\"><\/div><\/div>\r\n        <div class=\"pm-dashboard\">\r\n            <div class=\"group\">\r\n                <div class=\"db-header\">Valitse koko<\/div>\r\n                <ul class=\"mega-sizes\">\r\n                    <li class=\"mega-size-item\" data-size=\"50\">50<\/li>\r\n                    <li class=\"mega-size-item\" data-size=\"100\">100<\/li>\r\n                    <li class=\"mega-size-item\" data-size=\"200\">200<\/li>\r\n                    <li class=\"mega-size-item\" data-size=\"300\">300<\/li>\r\n                    <li class=\"mega-size-item\" data-size=\"400\">400<\/li>\r\n                    <li class=\"mega-size-item\" data-size=\"500\">500<\/li>\r\n                    <li class=\"mega-size-item\" data-size=\"1000\">1000<\/li>\r\n                <\/ul>\r\n            <\/div>\r\n            <div class=\"group\">\r\n                <div class=\" pp-item pp-item-1-3\">\r\n                    <i id=\"mega-restart\" class=\"fa-solid fa-redo fa-flip-horizontal restart-gamepp-item-center pp-item-hover\"><\/i>\r\n                <\/div>\r\n                <div class=\"pp-item pp-item-1-3\">\r\n                    <i id=\"mega-shuffle\" class=\"fa-solid fa-random shuffler  pp-item-center pp-item-hover\"><\/i>\r\n                <\/div>\r\n                <div id=\"audio-control\" class=\"pp-item pp-item-1-3 audio-control\">\r\n                    <i id=\"mega-audio\" class=\"fa-solid mega-audio fa-volume-high pp-item-center pp-item-hover\"><\/i>\r\n                <\/div>\r\n            <\/div>\r\n        <\/div>\r\n    <\/div>\r\n<\/div>\r\n<section class=\"section bg-white\">\r\n    <div class=\"container\">\r\n        <div class=\"pm-guide\">\r\n            <h1 class=\"title\">Megadon<\/h1>\r\n            <p>Luulitko olevasi hyv\u00e4 liukupalapeleiss\u00e4? Voi kuinka herttaista.<br>\nTervetuloa Megadoniin! Unohda pikkupelit. T\u00e4m\u00e4 on isojen pelien kentt\u00e4. Liukupalapelien taistelutanner. Nyt puhutaan j\u00e4rk\u00e4leist\u00e4: 50, 100, 200, 300, 400, 500 ja PETO 1000 palaa, yksi tyhj\u00e4 ruutu ja armotonta tuskaa.<\/p><p>\nMegadon ei ole heikkohermoisille. T\u00e4m\u00e4 on niille, joilla on valloittajan sielu. Niille, jotka tarpovat l\u00e4pi harmaan kiven. Niille, jotka kesytt\u00e4v\u00e4t kaaosta. Joten jos sulla on pokkaa\u2026 anna palaa. Mutta turha parkua, kun olet jo 837 palassa, eik\u00e4 paluuta en\u00e4\u00e4 ole.<\/p><p>\nJos et ole valmis Megadonin kuumottavaan haasteeseen, mene halailemaan pikkupelej\u00e4 ja kuvittele tekev\u00e4si jotain vaikuttavaa, v\u00e4tys.<\/p>\n            <p style=\"font-weight: bold; text-transform: uppercase;\">Painikkeet<\/p>\r\n            <ul class=\"pm-guide-buttons\">\r\n                <li><span class=\"guide-icon\"><i class=\"fa-solid fa-redo fa-flip-horizontal\"><\/i><\/span>Aloita alusta<\/li> \r\n                <li><span class=\"guide-icon\"><i class=\"fa-solid fa-random\"><\/i><\/span>Sekoita<\/li> \r\n                <li><span class=\"guide-icon\"><i class=\"fa-solid fa-volume-high\"><\/i><\/span>Audio<\/li> \r\n            <\/ul>\r\n        <\/div>\r\n    <\/div>\r\n<\/section>\n","protected":false},"excerpt":{"rendered":"","protected":false},"author":1,"featured_media":0,"parent":0,"menu_order":0,"comment_status":"closed","ping_status":"closed","template":"","meta":{"footnotes":""},"class_list":["post-154","page","type-page","status-publish","hentry"],"_links":{"self":[{"href":"https:\/\/palamania.com\/fi\/wp-json\/wp\/v2\/pages\/154","targetHints":{"allow":["GET"]}}],"collection":[{"href":"https:\/\/palamania.com\/fi\/wp-json\/wp\/v2\/pages"}],"about":[{"href":"https:\/\/palamania.com\/fi\/wp-json\/wp\/v2\/types\/page"}],"author":[{"embeddable":true,"href":"https:\/\/palamania.com\/fi\/wp-json\/wp\/v2\/users\/1"}],"replies":[{"embeddable":true,"href":"https:\/\/palamania.com\/fi\/wp-json\/wp\/v2\/comments?post=154"}],"version-history":[{"count":1,"href":"https:\/\/palamania.com\/fi\/wp-json\/wp\/v2\/pages\/154\/revisions"}],"predecessor-version":[{"id":155,"href":"https:\/\/palamania.com\/fi\/wp-json\/wp\/v2\/pages\/154\/revisions\/155"}],"wp:attachment":[{"href":"https:\/\/palamania.com\/fi\/wp-json\/wp\/v2\/media?parent=154"}],"curies":[{"name":"wp","href":"https:\/\/api.w.org\/{rel}","templated":true}]}}